{"id":6170,"date":"2020-02-02T16:42:24","date_gmt":"2020-02-02T14:42:24","guid":{"rendered":"https:\/\/facultad.equiposocial.com\/?page_id=6170"},"modified":"2020-03-04T17:16:17","modified_gmt":"2020-03-04T16:16:17","slug":"pec-comercio-y-rrll-y-rrhh-doble-grado","status":"publish","type":"page","link":"https:\/\/facultad.equiposocial.com\/?page_id=6170","title":{"rendered":"Programa de estudios conjunto de Grado en Comercio y Grado en Relaciones Laborales y Recursos Humanos"},"content":{"rendered":"[vc_row][vc_column width=&#8221;1\/2&#8243;][vc_single_image image=&#8221;6174&#8243; img_size=&#8221;large&#8221; alignment=&#8221;center&#8221;][\/vc_column][vc_column width=&#8221;1\/2&#8243;][vc_empty_space][vc_empty_space][vc_empty_space][vc_single_image image=&#8221;6227&#8243; img_size=&#8221;large&#8221; alignment=&#8221;center&#8221;][\/vc_column][\/vc_row][vc_row][vc_column][vc_column_text]Programa de Estudios Conjunto que permitir\u00e1 al estudiante obtener las titulaciones oficiales de Grado en Comercio y de Grado en Relaciones Laborales y Recursos Humanos, por la Universidad de Valladolid, en cinco cursos acad\u00e9micos.<\/p>\n<p>Ambos t\u00edtulos se integran en la rama de conocimiento de Ciencias Jur\u00eddicas y Sociales y resultan complementarios en el objetivo de formar profesionales altamente capacitados en el entorno econ\u00f3mico actual.<\/p>\n<p>Las ense\u00f1anzas se estructuran en dos grandes bloques:<\/p>\n<ul>\n<li>El primer bloque, integrado por los tres primeros cursos del PEC, permitir\u00e1 abordar la Formaci\u00f3n B\u00e1sica y obligatoria del Grado en Comercio y se impartir\u00e1 en la Facultad de Comercio de Valladolid de forma presencial.<\/li>\n<li>El segundo bloque, que se desarrollar\u00e1 a lo largo de los dos \u00faltimos cursos en la Facultad de Ciencias del Trabajo de Palencia, en modalidad semipresencial, abordar\u00e1 la Formaci\u00f3n B\u00e1sica y Obligatoria del Grado en RRLL y RRHH, y la elaboraci\u00f3n de los dos TFG, que asumen las competencias de ambos t\u00edtulos.<\/li>\n<\/ul>\n[\/vc_column_text][\/vc_column][\/vc_row][vc_row][vc_column][vc_tta_accordion shape=&#8221;square&#8221; color=&#8221;purple&#8221; active_section=&#8221;&#8221; collapsible_all=&#8221;true&#8221;][vc_tta_section title=&#8221;Informaci\u00f3n General&#8221; tab_id=&#8221;1501151241820-2327f121-0332&#8243;][vc_column_text]Informaci\u00f3n relevante sobre el Grado en Comercio y de Grado en Relaciones Laborales y Recursos Humanos:<\/p>\n<ul>\n<li style=\"list-style-type: none;\">\n<ul>\n<li><a style=\"color: #c61857; transition: color .2s; text-decoration: underline;\" href=\"https:\/\/facultad.equiposocial.com\/wp-content\/uploads\/2020\/03\/MEMORIA-PEC-JUNIO-2019-V4-definitiva.pdf\">Memoria completa del Grado en Comercio y de Grado en Relaciones Laborales y Recursos Humanos (ver o descargar)<\/a><\/li>\n<\/ul>\n<\/li>\n<\/ul>\n[\/vc_column_text][\/vc_tta_section][vc_tta_section title=&#8221;Salidas Profesionales&#8221; tab_id=&#8221;1583143486468-99f8806c-f934&#8243;][vc_column_text]En este PEC la formaci\u00f3n comercial se refuerza en las materias relacionadas con la gesti\u00f3n de recursos humanos en las empresas y las relaciones laborales aportando la base fundamental de la formaci\u00f3n del graduado social, cuyas ocupaciones habituales se relacionan con el asesoramiento en el \u00e1mbito laboral, las prestaciones asistenciales de los sistemas p\u00fablicos y privados.<\/p>\n<p>Las salidas profesionales son muy diversas, por ejemplo, Director comercial, Director de marketing, Director de ventas, Director de producto, Jefe de \u00e1reas de distribuci\u00f3n o de secci\u00f3n comercial, Jefe del Departamento de Recursoso Humanos, Jefe de grandes cuentas o de redes comerciales, o Jefe de expansi\u00f3n. Los profesionales del comercio tambi\u00e9n podr\u00e1n trabajar como Controllers, Gestores comerciaes, Delegados comerciales, Directores de sucursal, T\u00e9cnicos comerciales, Ejecutivos comerciales o de ventas, Gestores de cuenta (Key Account Manager), Trade Managers, T\u00e9cnicos de postventas o Responsables de mechandising. Tambi\u00e9n podemos considerar posibilidades de inserci\u00f3n laboral en otros campos como en los \u00e1mbitos de la prevenci\u00f3n de riesgos laborales, la intervenci\u00f3n en los mercados de trabajo, las pol\u00edticas activas de empleo y pasivas de protecci\u00f3n social, las auditor\u00edas sociolaborales, etc.<\/p>\n<p>Se trata de ajustarse a las exigencias de capacitaci\u00f3n profesional que la sociedad demanda de los futuros graduados, teniendo en cuenta la evoluci\u00f3n del contexto socioecon\u00f3mico en los \u00faltimos a\u00f1os y especialmente los cambios acaecidos en el mundo del trabajo en sus diferentes aspectos y manifestaciones. Se proporciona a los estudiantes una formaci\u00f3n pr\u00e1ctica y de utilidad directa, con una importante base jur\u00eddica; cuando terminan tendr\u00e1n conocimientos de log\u00edstica, son capaces de elaborar planes comerciales a corto, medio y largo plazo, definir objetivos comerciales, dise\u00f1ar pol\u00edticas y procedimientos de apoyo a la estrategia, confeccionar presupuestos y realizar estudios de mercado. Adem\u00e1s, tambi\u00e9n est\u00e1n preparados para dirigir un equipo de ventas, formar a vendedores, establecer una cartera de clientes y prestarles la atenci\u00f3n requerida; asesoramiento laboral, gesti\u00f3n y direcci\u00f3n de personal, organizaci\u00f3n del trabajo, y gesti\u00f3n y mediaci\u00f3n en el mercado de trabajo, tanto en el sector privado como<br \/>\np\u00fablico.<\/p>\n<p>Realizar\u00e1n labores de gesti\u00f3n y control, como, por ejemplo, la gesti\u00f3n de grandes cuentas, de almacenamiento, de control de contratos y subcontratos, etc. y todo esto, con un perfecto dominio de las TIC espec\u00edficas.[\/vc_column_text][\/vc_tta_section][vc_tta_section title=&#8221;Plan de Estudios&#8221; tab_id=&#8221;1580577425316-f148066c-f366&#8243;][vc_column_text]\n<ul>\n<li><a style=\"color: #c61857; transition: color .2s; text-decoration: underline;\" href=\"https:\/\/facultad.equiposocial.com\/wp-content\/uploads\/2020\/03\/Plan-de-Estudios-Doble-Grado-Comercio-RRLL-y-RRHH.pdf\">Plan de estudios Doble Grado Comercio y RRLL y RRHH (ver o descargar)<\/a><\/li>\n<\/ul>\n[\/vc_column_text][\/vc_tta_section][vc_tta_section title=&#8221;Calendario de implantaci\u00f3n&#8221; tab_id=&#8221;1501151737818-ebda7b26-8239&#8243;][vc_column_text]El PEC empezar\u00e1 a impartirse en el curso acad\u00e9mico 2020-2021 con la implantaci\u00f3n de su primer curso en la Facultad de Comercio. De forma progresiva, en los sucesivos a\u00f1os, se ir\u00e1n implantando los cursos segundo, tercero, cuarto y quinto, de forma que el Programa se impartir\u00e1 por completo ya en el curso acad\u00e9mico 2023-2024. Conviene notar que en el curso 2022- 2023 el alumnado del PEC recibir\u00e1 ya su formaci\u00f3n en la Facultad de Ciencias del Trabajo en Palencia, donde culminar\u00e1n sus estudios.[\/vc_column_text][\/vc_tta_section][vc_tta_section title=&#8221;Gu\u00edas Docentes&#8221; tab_id=&#8221;1501151663877-ff5c8dfe-0361&#8243;][\/vc_tta_section][vc_tta_section title=&#8221;Calendario acad\u00e9mico&#8221; tab_id=&#8221;1501151805367-e8124734-10a3&#8243;][vc_column_text]<a style=\"color: #c61857; transition: color .2s; text-decoration: underline;\" href=\"https:\/\/facultad.equiposocial.com\/index.php\/calendario-academico\/\">Calendario acad\u00e9mico<\/a>[\/vc_column_text][\/vc_tta_section][vc_tta_section title=&#8221;Horarios curso&#8221; tab_id=&#8221;1501151887977-78d545d2-681e&#8221;][vc_column_text]<strong><a style=\"color: #c61857; transition: color .2s; text-decoration: underline;\" href=\"https:\/\/facultad.equiposocial.com\/index.php\/horarios-curso\/\">Ver horarios\u00a0\u21d2<\/a><\/strong>[\/vc_column_text][\/vc_tta_section][vc_tta_section title=&#8221;Ex\u00e1menes&#8221; tab_id=&#8221;1501151942404-a04ca935-328e&#8221;][vc_column_text]<a style=\"color: #c61857; transition: color .2s; text-decoration: underline;\" href=\"https:\/\/facultad.equiposocial.com\/index.php\/examenes-convocatoria-f-de-carrera\/\">EX\u00c1MENES<\/a>[\/vc_column_text][\/vc_tta_section][vc_tta_section title=&#8221;Ex\u00e1menes Extraodinarios&#8221; tab_id=&#8221;1501161732247-37b30a71-0050&#8243;][vc_column_text]<a style=\"color: #c61857; transition: color .2s; text-decoration: underline;\" href=\"https:\/\/facultad.equiposocial.com\/index.php\/examenes-convocatoria-f-de-carrera\/\">EX\u00c1MENES EXTRAORDINARIOS<\/a>[\/vc_column_text][\/vc_tta_section][vc_tta_section title=&#8221;Subgrupos&#8221; tab_id=&#8221;1501161862705-55c216fd-17ef&#8221;][\/vc_tta_section][vc_tta_section title=&#8221;Asignaturas, grupos y profesores&#8221; tab_id=&#8221;1501161956412-774ec784-fc34&#8243;][vc_column_text]<a style=\"color: #c61857; transition: color .2s; text-decoration: underline;\" href=\"https:\/\/facultad.equiposocial.com\/index.php\/profesores-por-asignatura\/\">ASIGNATURAS, GRUPOS Y PROFESORES<\/a>[\/vc_column_text][\/vc_tta_section][vc_tta_section title=&#8221;Trabajo Fin de Grado TFG&#8221; tab_id=&#8221;1501162043758-ceba051f-a46e&#8221;][vc_column_text]\n<h4><a style=\"color: #c61857; transition: color .2s; text-decoration: underline;\" href=\"https:\/\/facultad.equiposocial.com\/index.php\/documentos-tfg-facultad-de-comercio-de-valladolid\/\">VER DOCUMENTACI\u00d3N\u00a0\u21d2<\/a><\/h4>\n[\/vc_column_text][\/vc_tta_section][\/vc_tta_accordion][\/vc_column][\/vc_row]\n","protected":false},"excerpt":{"rendered":"[vc_row][vc_column width=&#8221;1\/2&#8243;][vc_single_image image=&#8221;6174&#8243; img_size=&#8221;large&#8221; alignment=&#8221;center&#8221;][\/vc_column][vc_column width=&#8221;1\/2&#8243;][vc_empty_space][vc_empty_space][vc_empty_space][vc_single_image image=&#8221;6227&#8243; img_size=&#8221;large&#8221; alignment=&#8221;center&#8221;][\/vc_column][\/vc_row][vc_row][vc_column][vc_column_text]Programa de Estudios Conjunto que permitir\u00e1 al estudiante obtener las titulaciones oficiales de Grado en Comercio y de Grado en Relaciones Laborales y Recursos Humanos, por la Universidad de Valladolid, en cinco cursos acad\u00e9micos. Ambos t\u00edtulos se integran en la rama de conocimiento de Ciencias Jur\u00eddicas y<\/p>\n","protected":false},"author":3,"featured_media":0,"parent":0,"menu_order":0,"comment_status":"closed","ping_status":"closed","template":"","meta":{"_expiration-date-status":"saved","_expiration-date":0,"_expiration-date-type":"","_expiration-date-categories":[],"_expiration-date-options":[]},"_links":{"self":[{"href":"https:\/\/facultad.equiposocial.com\/index.php?rest_route=\/wp\/v2\/pages\/6170"}],"collection":[{"href":"https:\/\/facultad.equiposocial.com\/index.php?rest_route=\/wp\/v2\/pages"}],"about":[{"href":"https:\/\/facultad.equiposocial.com\/index.php?rest_route=\/wp\/v2\/types\/page"}],"author":[{"embeddable":true,"href":"https:\/\/facultad.equiposocial.com\/index.php?rest_route=\/wp\/v2\/users\/3"}],"replies":[{"embeddable":true,"href":"https:\/\/facultad.equiposocial.com\/index.php?rest_route=%2Fwp%2Fv2%2Fcomments&post=6170"}],"version-history":[{"count":16,"href":"https:\/\/facultad.equiposocial.com\/index.php?rest_route=\/wp\/v2\/pages\/6170\/revisions"}],"predecessor-version":[{"id":6244,"href":"https:\/\/facultad.equiposocial.com\/index.php?rest_route=\/wp\/v2\/pages\/6170\/revisions\/6244"}],"wp:attachment":[{"href":"https:\/\/facultad.equiposocial.com\/index.php?rest_route=%2Fwp%2Fv2%2Fmedia&parent=6170"}],"curies":[{"name":"wp","href":"https:\/\/api.w.org\/{rel}","templated":true}]}}